{"id":40,"date":"2022-04-20T14:01:15","date_gmt":"2022-04-20T14:01:15","guid":{"rendered":"https:\/\/demo.himaratheme.com\/?page_id=40"},"modified":"2024-02-27T17:56:09","modified_gmt":"2024-02-27T14:56:09","slug":"about-us","status":"publish","type":"page","link":"https:\/\/cordialcappadocia.com\/tr\/about-us\/","title":{"rendered":"HAKKIMIZDA"},"content":{"rendered":"<div data-elementor-type=\"wp-page\" data-elementor-id=\"40\" class=\"elementor elementor-40\" data-elementor-post-type=\"page\">\n\t\t\t\t\t\t<section class=\"elementor-section elementor-top-section elementor-element elementor-element-6fab5c7 elementor-section-boxed elementor-section-height-default elementor-section-height-default\" data-id=\"6fab5c7\" data-element_type=\"section\">\n\t\t\t\t\t\t<div class=\"elementor-container elementor-column-gap-default\">\n\t\t\t\t\t<div class=\"elementor-column elementor-col-50 elementor-top-column elementor-element elementor-element-90cc85a\" data-id=\"90cc85a\" data-element_type=\"column\">\n\t\t\t<div class=\"elementor-widget-wrap elementor-element-populated\">\n\t\t\t\t\t\t<div class=\"elementor-element elementor-element-cd20fa6 elementor-widget elementor-widget-heading\" data-id=\"cd20fa6\" data-element_type=\"widget\" data-widget_type=\"heading.default\">\n\t\t\t\t<div class=\"elementor-widget-container\">\n\t\t\t\t\t<h2 class=\"elementor-heading-title elementor-size-default\">CORDIAL CAPPADOCIA<\/h2>\t\t\t\t<\/div>\n\t\t\t\t<\/div>\n\t\t\t\t<div class=\"elementor-element elementor-element-e50be3a elementor-widget elementor-widget-text-editor\" data-id=\"e50be3a\" data-element_type=\"widget\" data-widget_type=\"text-editor.default\">\n\t\t\t\t<div class=\"elementor-widget-container\">\n\t\t\t\t\t\t\t\t\t<section class=\"elementor-section elementor-top-section elementor-element elementor-element-5e69a19 elementor-section-boxed elementor-section-height-default elementor-section-height-default\" data-id=\"5e69a19\" data-element_type=\"section\"><div class=\"elementor-container elementor-column-gap-default\"><div class=\"elementor-column elementor-col-100 elementor-top-column elementor-element elementor-element-8995893\" data-id=\"8995893\" data-element_type=\"column\"><div class=\"elementor-widget-wrap elementor-element-populated\"><div class=\"elementor-element elementor-element-21344b2 elementor-widget elementor-widget-text-editor\" data-id=\"21344b2\" data-element_type=\"widget\" data-widget_type=\"text-editor.default\"><div class=\"elementor-widget-container\"><p>Cordial Cappadocia ailesi olarak temel prensibimiz; misafirlerimize kendilerini evlerinde hissedebilecekleri rahat, huzurlu ve nezih bir ortam sunmakt\u0131r. Tabiat anan\u0131n kendi elleriyle yaratma ve bizlere sunma c\u00f6mertli\u011fini g\u00f6sterdi\u011fi peribacalar\u0131n\u0131, Kapadokya\u2019n\u0131n kayalara oyulmu\u015f kiliselerini ve yeralt\u0131 \u015fehirlerini gezerken ayn\u0131 zamanda pansiyonumuz tarihi atmosferinde dinlenebilirsiniz. Bu b\u00fcy\u00fcl\u00fc d\u00fcnyay\u0131 ke\u015ffederken sizlerle olmak bizlere mutluluk verecektir.<\/p><\/div><\/div><\/div><\/div><\/div><\/section>\t\t\t\t\t\t\t\t<\/div>\n\t\t\t\t<\/div>\n\t\t\t\t\t<\/div>\n\t\t<\/div>\n\t\t\t\t<div class=\"elementor-column elementor-col-50 elementor-top-column elementor-element elementor-element-cca025a\" data-id=\"cca025a\" data-element_type=\"column\">\n\t\t\t<div class=\"elementor-widget-wrap elementor-element-populated\">\n\t\t\t\t\t\t<div class=\"elementor-element elementor-element-57eca4f elementor-widget__width-inherit elementor-widget elementor-widget-eth_brand\" data-id=\"57eca4f\" data-element_type=\"widget\" data-widget_type=\"eth_brand.default\">\n\t\t\t\t<div class=\"elementor-widget-container\">\n\t\t\t\t\t\t\t\t\t<div class=\"brand-info\">\n\t\t\t\t\t<div class=\"inner\">\n\t\t\t\t\t\t<div class=\"content\">\n\t\t\t\t\t\t\t<img decoding=\"async\" src=\"https:\/\/cordialcappadocia.com\/wp-content\/uploads\/2023\/07\/logo-1.svg\" width=\"100\" alt=\"Cordial Cappadocia\">\n\t\t\t\t\t\t\t<div class=\"stars\"><div><\/div><\/div>\n\t\t\t\t\t\t\t<h5 class=\"title\"> Cordial Cappadocia<\/h5>\n\t\t\t\t\t\t\t<div class=\"desc\"> <p>Kaliteyi temel prensip olarak kabul ederken, evimizde esteti\u011fi, temizli\u011fi ve misafir memnuniyetini \u00f6n planda tutuyoruz.<\/p><\/div>\n\t\t\t\t\t\t<\/div>\n\t\t\t\t\t<\/div>\n\t\t\t\t<\/div>\n\t\t\t\t\t\t\t<\/div>\n\t\t\t\t<\/div>\n\t\t\t\t\t<\/div>\n\t\t<\/div>\n\t\t\t\t\t<\/div>\n\t\t<\/section>\n\t\t\t\t<\/div>","protected":false},"excerpt":{"rendered":"<p>CORDIAL CAPPADOCIA While the quality accepted as the basic principle, besides, we put aesthetics, cleanliness and our guest\u2019s satisfaction at the forefront of our house. We offer our guests accommodation in a historical environment with modern facilities in arch rooms, which restored with old-style craftsmanship and old stones. Also, the house is within walking distance [&hellip;]<\/p>","protected":false},"author":1,"featured_media":0,"parent":0,"menu_order":0,"comment_status":"closed","ping_status":"closed","template":"","meta":{"inline_featured_image":false,"footnotes":""},"class_list":["post-40","page","type-page","status-publish","hentry"],"_links":{"self":[{"href":"https:\/\/cordialcappadocia.com\/tr\/wp-json\/wp\/v2\/pages\/40","targetHints":{"allow":["GET"]}}],"collection":[{"href":"https:\/\/cordialcappadocia.com\/tr\/wp-json\/wp\/v2\/pages"}],"about":[{"href":"https:\/\/cordialcappadocia.com\/tr\/wp-json\/wp\/v2\/types\/page"}],"author":[{"embeddable":true,"href":"https:\/\/cordialcappadocia.com\/tr\/wp-json\/wp\/v2\/users\/1"}],"replies":[{"embeddable":true,"href":"https:\/\/cordialcappadocia.com\/tr\/wp-json\/wp\/v2\/comments?post=40"}],"version-history":[{"count":12,"href":"https:\/\/cordialcappadocia.com\/tr\/wp-json\/wp\/v2\/pages\/40\/revisions"}],"predecessor-version":[{"id":2064,"href":"https:\/\/cordialcappadocia.com\/tr\/wp-json\/wp\/v2\/pages\/40\/revisions\/2064"}],"wp:attachment":[{"href":"https:\/\/cordialcappadocia.com\/tr\/wp-json\/wp\/v2\/media?parent=40"}],"curies":[{"name":"wp","href":"https:\/\/api.w.org\/{rel}","templated":true}]}}