{"id":355,"date":"2022-04-28T15:24:04","date_gmt":"2022-04-28T15:24:04","guid":{"rendered":"https:\/\/demo.himaratheme.com\/?page_id=355"},"modified":"2022-04-28T15:24:04","modified_gmt":"2022-04-28T15:24:04","slug":"contact-us-2","status":"publish","type":"page","link":"https:\/\/cordialcappadocia.com\/tr\/contact-us-2\/","title":{"rendered":"Contact Us 2"},"content":{"rendered":"<div data-elementor-type=\"wp-page\" data-elementor-id=\"355\" class=\"elementor elementor-355\" data-elementor-post-type=\"page\">\n\t\t\t\t\t\t<section class=\"elementor-section elementor-top-section elementor-element elementor-element-3c2c0c6 elementor-section-full_width elementor-section-stretched elementor-section-height-default elementor-section-height-default\" data-id=\"3c2c0c6\" data-element_type=\"section\" data-settings=\"{&quot;stretch_section&quot;:&quot;section-stretched&quot;}\">\n\t\t\t\t\t\t<div class=\"elementor-container elementor-column-gap-no\">\n\t\t\t\t\t<div class=\"elementor-column elementor-col-100 elementor-top-column elementor-element elementor-element-e38c9b1\" data-id=\"e38c9b1\" data-element_type=\"column\">\n\t\t\t<div class=\"elementor-widget-wrap elementor-element-populated\">\n\t\t\t\t\t\t\t<\/div>\n\t\t<\/div>\n\t\t\t\t\t<\/div>\n\t\t<\/section>\n\t\t\t\t<section class=\"elementor-section elementor-top-section elementor-element elementor-element-911104e elementor-section-boxed elementor-section-height-default elementor-section-height-default\" data-id=\"911104e\" data-element_type=\"section\">\n\t\t\t\t\t\t<div class=\"elementor-container elementor-column-gap-default\">\n\t\t\t\t\t<div class=\"elementor-column elementor-col-50 elementor-top-column elementor-element elementor-element-66d7898\" data-id=\"66d7898\" data-element_type=\"column\">\n\t\t\t<div class=\"elementor-widget-wrap elementor-element-populated\">\n\t\t\t\t\t\t<div class=\"elementor-element elementor-element-7301130 elementor-widget elementor-widget-heading\" data-id=\"7301130\" data-element_type=\"widget\" data-widget_type=\"heading.default\">\n\t\t\t\t<div class=\"elementor-widget-container\">\n\t\t\t\t\t<h1 class=\"elementor-heading-title elementor-size-default\">\u0130LET\u0130\u015e\u0130M<\/h1>\t\t\t\t<\/div>\n\t\t\t\t<\/div>\n\t\t\t\t<div class=\"elementor-element elementor-element-346a564 elementor-widget elementor-widget-text-editor\" data-id=\"346a564\" data-element_type=\"widget\" data-widget_type=\"text-editor.default\">\n\t\t\t\t<div class=\"elementor-widget-container\">\n\t\t\t\t\t\t\t\t\t<p>Let&#8217;s Talk<\/p>\t\t\t\t\t\t\t\t<\/div>\n\t\t\t\t<\/div>\n\t\t\t\t<div class=\"elementor-element elementor-element-c45cf30 elementor-widget elementor-widget-text-editor\" data-id=\"c45cf30\" data-element_type=\"widget\" data-widget_type=\"text-editor.default\">\n\t\t\t\t<div class=\"elementor-widget-container\">\n\t\t\t\t\t\t\t\t\tLorem ipsum dolor sit amet, consectetur adipisicing elit. Possimus sit, fugiat at in assumenda corrupti autem iste eveniet eaque vitae beatae tenetur, voluptatem eius. Numquam.\n\n\t\t\t\t\t\t\t\t<\/div>\n\t\t\t\t<\/div>\n\t\t\t\t<div class=\"elementor-element elementor-element-7be38b1 elementor-widget elementor-widget-shortcode\" data-id=\"7be38b1\" data-element_type=\"widget\" data-widget_type=\"shortcode.default\">\n\t\t\t\t<div class=\"elementor-widget-container\">\n\t\t\t\t\t\t\t<div class=\"elementor-shortcode\">\n<div class=\"wpcf7 no-js\" id=\"wpcf7-f1315-o1\" lang=\"en-US\" dir=\"ltr\" data-wpcf7-id=\"1315\">\n<div class=\"screen-reader-response\"><p role=\"status\" aria-live=\"polite\" aria-atomic=\"true\"><\/p> <ul><\/ul><\/div>\n<form action=\"\/tr\/wp-json\/wp\/v2\/pages\/355#wpcf7-f1315-o1\" method=\"post\" class=\"wpcf7-form init\" aria-label=\"Contact form\" novalidate=\"novalidate\" data-status=\"init\" data-trp-original-action=\"\/tr\/wp-json\/wp\/v2\/pages\/355#wpcf7-f1315-o1\">\n<fieldset class=\"hidden-fields-container\"><input type=\"hidden\" name=\"_wpcf7\" value=\"1315\" \/><input type=\"hidden\" name=\"_wpcf7_version\" value=\"6.1.2\" \/><input type=\"hidden\" name=\"_wpcf7_locale\" value=\"en_US\" \/><input type=\"hidden\" name=\"_wpcf7_unit_tag\" value=\"wpcf7-f1315-o1\" \/><input type=\"hidden\" name=\"_wpcf7_container_post\" value=\"0\" \/><input type=\"hidden\" name=\"_wpcf7_posted_data_hash\" value=\"\" \/>\n<\/fieldset>\n<div class=\"wpcf7-response-output\" aria-hidden=\"true\"><\/div>\n<p><label> Ad\u0131n\u0131z<br \/>\n<span class=\"wpcf7-form-control-wrap\" data-name=\"your-name\"><input size=\"40\" maxlength=\"400\" class=\"wpcf7-form-control wpcf7-text wpcf7-validates-as-required form-control\" aria-required=\"true\" aria-invalid=\"false\" value=\"\" type=\"text\" name=\"your-name\" \/><\/span> <\/label>\n<\/p>\n<p><label> Mail<br \/>\n<span class=\"wpcf7-form-control-wrap\" data-name=\"your-email\"><input size=\"40\" maxlength=\"400\" class=\"wpcf7-form-control wpcf7-email wpcf7-validates-as-required wpcf7-text wpcf7-validates-as-email form-control\" aria-required=\"true\" aria-invalid=\"false\" value=\"\" type=\"email\" name=\"your-email\" \/><\/span> <\/label>\n<\/p>\n<p><label> Konu<br \/>\n<span class=\"wpcf7-form-control-wrap\" data-name=\"your-subject\"><input size=\"40\" maxlength=\"400\" class=\"wpcf7-form-control wpcf7-text wpcf7-validates-as-required form-control\" aria-required=\"true\" aria-invalid=\"false\" value=\"\" type=\"text\" name=\"your-subject\" \/><\/span> <\/label>\n<\/p>\n<p><label> Mesaj\u0131n\u0131z<br \/>\n<span class=\"wpcf7-form-control-wrap\" data-name=\"your-message\"><textarea cols=\"40\" rows=\"10\" maxlength=\"2000\" class=\"wpcf7-form-control wpcf7-textarea form-control\" aria-invalid=\"false\" name=\"your-message\"><\/textarea><\/span> <\/label>\n<\/p>\n<p><input class=\"wpcf7-form-control wpcf7-submit has-spinner btn\" type=\"submit\" value=\"Mesaj\u0131 G\u00f6nder\" \/>\n<\/p>\n<input type=\"hidden\" name=\"trp-form-language\" value=\"tr\"\/><\/form>\n<\/div>\n<\/div>\n\t\t\t\t\t\t<\/div>\n\t\t\t\t<\/div>\n\t\t\t\t\t<\/div>\n\t\t<\/div>\n\t\t\t\t<div class=\"elementor-column elementor-col-50 elementor-top-column elementor-element elementor-element-3539e11\" data-id=\"3539e11\" data-element_type=\"column\">\n\t\t\t<div class=\"elementor-widget-wrap elementor-element-populated\">\n\t\t\t\t\t\t<div class=\"elementor-element elementor-element-e9a3394 elementor-widget elementor-widget-heading\" data-id=\"e9a3394\" data-element_type=\"widget\" data-widget_type=\"heading.default\">\n\t\t\t\t<div class=\"elementor-widget-container\">\n\t\t\t\t\t<h1 class=\"elementor-heading-title elementor-size-default\">Get In Touch<\/h1>\t\t\t\t<\/div>\n\t\t\t\t<\/div>\n\t\t\t\t<div class=\"elementor-element elementor-element-b34b68d elementor-widget elementor-widget-text-editor\" data-id=\"b34b68d\" data-element_type=\"widget\" data-widget_type=\"text-editor.default\">\n\t\t\t\t<div class=\"elementor-widget-container\">\n\t\t\t\t\t\t\t\t\t<p>How To Find Us<\/p>\t\t\t\t\t\t\t\t<\/div>\n\t\t\t\t<\/div>\n\t\t\t\t<div class=\"elementor-element elementor-element-ebd8c96 elementor-widget elementor-widget-eth_contact_info\" data-id=\"ebd8c96\" data-element_type=\"widget\" data-widget_type=\"eth_contact_info.default\">\n\t\t\t\t<div class=\"elementor-widget-container\">\n\t\t\t\t\t\t\t<div class=\"eth-contact-info\">\n\t\t\t<ul>\n\n\t\t\t<li>\n\n\t\t\t<a href=\"#\">\n\t\t\t\t<span class=\"icon\"><i aria-hidden=\"true\" class=\"fas fa-map-pin\"><\/i><\/span>\n\t\t\t\t<span class=\"title\">Lorem ipsum dolor, 25, Himara<\/span>\n\n\t\t\t<\/a>\n\t\t<\/li>\n\t\t\t<li>\n\n\t\t\t<a href=\"#\">\n\t\t\t\t<span class=\"icon\"><i aria-hidden=\"true\" class=\"fas fa-envelope\"><\/i><\/span>\n\t\t\t\t<span class=\"title\">contact@hotelhimara.com<\/span>\n\n\t\t\t<\/a>\n\t\t<\/li>\n\t\t\t<li>\n\n\t\t\t<a href=\"#\">\n\t\t\t\t<span class=\"icon\"><i aria-hidden=\"true\" class=\"fas fa-phone\"><\/i><\/span>\n\t\t\t\t<span class=\"title\">+1 888 123 4567<\/span>\n\n\t\t\t<\/a>\n\t\t<\/li>\n\t\t\t<li>\n\n\t\t\t<a href=\"#\">\n\t\t\t\t<span class=\"icon\"><i aria-hidden=\"true\" class=\"fas fa-globe-africa\"><\/i><\/span>\n\t\t\t\t<span class=\"title\">www.hotelhimara.com<\/span>\n\n\t\t\t<\/a>\n\t\t<\/li>\n\t\t\t\t<\/ul>\n\t\t<\/div>\n    \t\t\t\t<\/div>\n\t\t\t\t<\/div>\n\t\t\t\t<div class=\"elementor-element elementor-element-5bd50c0 elementor-widget elementor-widget-eth_social\" data-id=\"5bd50c0\" data-element_type=\"widget\" data-widget_type=\"eth_social.default\">\n\t\t\t\t<div class=\"elementor-widget-container\">\n\t\t\t\t\t\r\n\t\t\t<div class=\"eth-social-media\">\r\n\t\r\n\t\t\t<a href=\"#\"> \r\n\t\t\t\t\t\t\t\t\t\t\t\t\t\t\t\t\r\n\r\n\t\t\t\t\t\t<i aria-hidden=\"true\" class=\"fab fa-facebook\"><\/i>\r\n\t\t\t<\/a>\r\n\t\t\r\n\t\r\n\t\t\t<a href=\"#\"> \r\n\t\t\t\t\t\t\t\t\t\t\t\t\t\t\t\t\r\n\r\n\t\t\t\t\t\t<i aria-hidden=\"true\" class=\"fab fa-twitter\"><\/i>\r\n\t\t\t<\/a>\r\n\t\t\r\n\t\r\n\t\t\t<a href=\"#\"> \r\n\t\t\t\t\t\t\t\t\t\t\t\t\t\t\t\t\r\n\r\n\t\t\t\t\t\t<i aria-hidden=\"true\" class=\"fab fa-instagram\"><\/i>\r\n\t\t\t<\/a>\r\n\t\t\r\n\t\r\n\t\t\t<a href=\"#\"> \r\n\t\t\t\t\t\t\t\t\t\t\t\t\t\t\t\t\r\n\r\n\t\t\t\t\t\t<i aria-hidden=\"true\" class=\"fab fa-pinterest-p\"><\/i>\r\n\t\t\t<\/a>\r\n\t\t\r\n\t\r\n\t\t\t<a href=\"#\"> \r\n\t\t\t\t\t\t\t\t\t\t\t\t\t\t\t\t\r\n\r\n\t\t\t\t\t\t<i aria-hidden=\"true\" class=\"fab fa-tripadvisor\"><\/i>\r\n\t\t\t<\/a>\r\n\t\t\r\n\t\r\n\t\t\t<a href=\"#\"> \r\n\t\t\t\t\t\t\t\t\t\t\t\t\t\t\t\t\r\n\r\n\t\t\t\t\t\t<i aria-hidden=\"true\" class=\"fab fa-youtube\"><\/i>\r\n\t\t\t<\/a>\r\n\t\t\r\n\t\t\t\t<\/div>\r\n\r\n\r\n    \t\t\t\t<\/div>\n\t\t\t\t<\/div>\n\t\t\t\t\t<\/div>\n\t\t<\/div>\n\t\t\t\t\t<\/div>\n\t\t<\/section>\n\t\t\t\t<\/div>","protected":false},"excerpt":{"rendered":"<p>Contact Us Let&#8217;s Talk Lorem ipsum dolor sit amet, consectetur adipisicing elit. Possimus sit, fugiat at in assumenda corrupti autem iste eveniet eaque vitae beatae tenetur, voluptatem eius. Numquam. Get In Touch How To Find Us Lorem ipsum dolor, 25, Himara contact@hotelhimara.com +1 888 123 4567 www.hotelhimara.com<\/p>","protected":false},"author":1,"featured_media":0,"parent":0,"menu_order":0,"comment_status":"closed","ping_status":"closed","template":"","meta":{"inline_featured_image":false,"footnotes":""},"class_list":["post-355","page","type-page","status-publish","hentry"],"_links":{"self":[{"href":"https:\/\/cordialcappadocia.com\/tr\/wp-json\/wp\/v2\/pages\/355","targetHints":{"allow":["GET"]}}],"collection":[{"href":"https:\/\/cordialcappadocia.com\/tr\/wp-json\/wp\/v2\/pages"}],"about":[{"href":"https:\/\/cordialcappadocia.com\/tr\/wp-json\/wp\/v2\/types\/page"}],"author":[{"embeddable":true,"href":"https:\/\/cordialcappadocia.com\/tr\/wp-json\/wp\/v2\/users\/1"}],"replies":[{"embeddable":true,"href":"https:\/\/cordialcappadocia.com\/tr\/wp-json\/wp\/v2\/comments?post=355"}],"version-history":[{"count":0,"href":"https:\/\/cordialcappadocia.com\/tr\/wp-json\/wp\/v2\/pages\/355\/revisions"}],"wp:attachment":[{"href":"https:\/\/cordialcappadocia.com\/tr\/wp-json\/wp\/v2\/media?parent=355"}],"curies":[{"name":"wp","href":"https:\/\/api.w.org\/{rel}","templated":true}]}}