{"id":1028,"date":"2022-05-05T14:40:55","date_gmt":"2022-05-05T11:40:55","guid":{"rendered":"https:\/\/demo.himaratheme.com\/?page_id=1028"},"modified":"2023-07-29T16:16:14","modified_gmt":"2023-07-29T13:16:14","slug":"places","status":"publish","type":"page","link":"https:\/\/cordialcappadocia.com\/tr\/places\/","title":{"rendered":"KAPADOKYA AKT\u0130V\u0130TELER\u0130"},"content":{"rendered":"<div data-elementor-type=\"wp-page\" data-elementor-id=\"1028\" class=\"elementor elementor-1028\" data-elementor-post-type=\"page\">\n\t\t\t\t\t\t<section class=\"elementor-section elementor-top-section elementor-element elementor-element-c790f97 elementor-section-full_width elementor-section-height-default elementor-section-height-default\" data-id=\"c790f97\" data-element_type=\"section\">\n\t\t\t\t\t\t<div class=\"elementor-container elementor-column-gap-no\">\n\t\t\t\t\t<div class=\"elementor-column elementor-col-100 elementor-top-column elementor-element elementor-element-b29fa8d\" data-id=\"b29fa8d\" data-element_type=\"column\">\n\t\t\t<div class=\"elementor-widget-wrap elementor-element-populated\">\n\t\t\t\t\t\t<div class=\"elementor-element elementor-element-b7a5e17 elementor-widget elementor-widget-eb_places\" data-id=\"b7a5e17\" data-element_type=\"widget\" data-widget_type=\"eb_places.default\">\n\t\t\t\t<div class=\"elementor-widget-container\">\n\t\t\t\t\t\n\t\t\n\t\t<div id=\"places-SvFXS\" class=\"eb-g-lg-4 eb-g-md-3 eb-g-sm-1 eb-places\">\n\n\t\t<div class=\"eb-place-item\" style=\"background-image: url( https:\/\/cordialcappadocia.com\/wp-content\/uploads\/2023\/07\/yILn4Z-720x470.jpg ) \">\r\n    <a href=\"https:\/\/cordialcappadocia.com\/tr\/places\/hot-air-balloon\/\"><\/a>\r\n            <div class=\"details\">\r\n            <h4 class=\"title\">Kapadokya Balon Turu<span><\/span><\/h4>\r\n        <\/div>\r\n    <\/div>\r\n<div class=\"eb-place-item\" style=\"background-image: url( https:\/\/cordialcappadocia.com\/wp-content\/uploads\/2023\/07\/cappadocia-atv-tour-720x470.jpg ) \">\r\n    <a href=\"https:\/\/cordialcappadocia.com\/tr\/places\/atv-tours\/\"><\/a>\r\n            <div class=\"details\">\r\n            <h4 class=\"title\">Atv Turu<span><\/span><\/h4>\r\n        <\/div>\r\n    <\/div>\r\n<div class=\"eb-place-item\" style=\"background-image: url( https:\/\/cordialcappadocia.com\/wp-content\/uploads\/2023\/07\/cappadocia-dervish-show-price.jpg ) \">\r\n    <a href=\"https:\/\/cordialcappadocia.com\/tr\/places\/semazen-shows\/\"><\/a>\r\n            <div class=\"details\">\r\n            <h4 class=\"title\">Semazen G\u00f6sterileri<span><\/span><\/h4>\r\n        <\/div>\r\n    <\/div>\r\n<div class=\"eb-place-item\" style=\"background-image: url( https:\/\/cordialcappadocia.com\/wp-content\/uploads\/2023\/07\/7f.jpg ) \">\r\n    <a href=\"https:\/\/cordialcappadocia.com\/tr\/places\/turkish-nights\/\"><\/a>\r\n            <div class=\"details\">\r\n            <h4 class=\"title\">T\u00fcrk Gecesi<span><\/span><\/h4>\r\n        <\/div>\r\n    <\/div>\r\n<div class=\"eb-place-item\" style=\"background-image: url( https:\/\/cordialcappadocia.com\/wp-content\/uploads\/2023\/07\/130122706.jpg ) \">\r\n    <a href=\"https:\/\/cordialcappadocia.com\/tr\/places\/riding-tours\/\"><\/a>\r\n            <div class=\"details\">\r\n            <h4 class=\"title\">At Turu<span><\/span><\/h4>\r\n        <\/div>\r\n    <\/div>\r\n<div class=\"eb-place-item\" style=\"background-image: url( https:\/\/cordialcappadocia.com\/wp-content\/uploads\/2023\/07\/667bf22b7e46139be51c5540ae34d3f7-720x470.jpg ) \">\r\n    <a href=\"https:\/\/cordialcappadocia.com\/tr\/places\/camel-tour\/\"><\/a>\r\n            <div class=\"details\">\r\n            <h4 class=\"title\">Deve Turu<span><\/span><\/h4>\r\n        <\/div>\r\n    <\/div>\r\n<div class=\"eb-place-item\" style=\"background-image: url( https:\/\/cordialcappadocia.com\/wp-content\/uploads\/2023\/07\/1-1-720x470.png ) \">\r\n    <a href=\"https:\/\/cordialcappadocia.com\/tr\/places\/jeep-safari\/\"><\/a>\r\n            <div class=\"details\">\r\n            <h4 class=\"title\">Jeep Safari<span><\/span><\/h4>\r\n        <\/div>\r\n    <\/div>\r\n<div class=\"eb-place-item\" style=\"background-image: url( https:\/\/cordialcappadocia.com\/wp-content\/uploads\/2023\/07\/1-2-720x470.webp ) \">\r\n    <a href=\"https:\/\/cordialcappadocia.com\/tr\/places\/green-tour\/\"><\/a>\r\n            <div class=\"details\">\r\n            <h4 class=\"title\">Ye\u015fil Tur<span><\/span><\/h4>\r\n        <\/div>\r\n    <\/div>\r\n<div class=\"eb-place-item\" style=\"background-image: url( https:\/\/cordialcappadocia.com\/wp-content\/uploads\/2023\/07\/1-3-720x470.jpg ) \">\r\n    <a href=\"https:\/\/cordialcappadocia.com\/tr\/places\/red-tour\/\"><\/a>\r\n            <div class=\"details\">\r\n            <h4 class=\"title\">K\u0131rm\u0131z\u0131 Tur<span><\/span><\/h4>\r\n        <\/div>\r\n    <\/div>\r\n\n\t\t<\/div>\n\n\t\t\t\t\t<\/div>\n\t\t\t\t<\/div>\n\t\t\t\t\t<\/div>\n\t\t<\/div>\n\t\t\t\t\t<\/div>\n\t\t<\/section>\n\t\t\t\t<\/div>","protected":false},"excerpt":{"rendered":"<p>Hot Air Balloon ATV Tours Semazen Shows Turkish Nights Riding Tours Camel Tour Jeep Safari Green Tour Red Tour<\/p>","protected":false},"author":1,"featured_media":0,"parent":0,"menu_order":0,"comment_status":"closed","ping_status":"closed","template":"","meta":{"inline_featured_image":false,"footnotes":""},"class_list":["post-1028","page","type-page","status-publish","hentry"],"_links":{"self":[{"href":"https:\/\/cordialcappadocia.com\/tr\/wp-json\/wp\/v2\/pages\/1028","targetHints":{"allow":["GET"]}}],"collection":[{"href":"https:\/\/cordialcappadocia.com\/tr\/wp-json\/wp\/v2\/pages"}],"about":[{"href":"https:\/\/cordialcappadocia.com\/tr\/wp-json\/wp\/v2\/types\/page"}],"author":[{"embeddable":true,"href":"https:\/\/cordialcappadocia.com\/tr\/wp-json\/wp\/v2\/users\/1"}],"replies":[{"embeddable":true,"href":"https:\/\/cordialcappadocia.com\/tr\/wp-json\/wp\/v2\/comments?post=1028"}],"version-history":[{"count":5,"href":"https:\/\/cordialcappadocia.com\/tr\/wp-json\/wp\/v2\/pages\/1028\/revisions"}],"predecessor-version":[{"id":2029,"href":"https:\/\/cordialcappadocia.com\/tr\/wp-json\/wp\/v2\/pages\/1028\/revisions\/2029"}],"wp:attachment":[{"href":"https:\/\/cordialcappadocia.com\/tr\/wp-json\/wp\/v2\/media?parent=1028"}],"curies":[{"name":"wp","href":"https:\/\/api.w.org\/{rel}","templated":true}]}}